{"id":207,"date":"2016-07-22T13:37:30","date_gmt":"2016-07-22T11:37:30","guid":{"rendered":"https:\/\/ettwein.ch\/en\/?page_id=207"},"modified":"2026-04-10T15:03:36","modified_gmt":"2026-04-10T13:03:36","slug":"news","status":"publish","type":"page","link":"https:\/\/ettwein.ch\/en\/news\/","title":{"rendered":"News"},"content":{"rendered":"<p><strong>April 2026:<\/strong><\/p>\n<p><a href=\"https:\/\/www.srf.ch\/play\/tv\/-\/video\/-?urn=urn:srf:video:300f6bf6-cfb6-4a8f-935d-fe54a85a4b46\" target=\"_blank\" rel=\"noopener\">\u00abTrop Chaud \u2013 KlimaSeniorinnen vs. Switzerland,\u00bb<\/a> the documentary film about the case of the \u201cKlimaSeniorinnen,\u201d until May 6, 2026 on Swiss television.<\/p>\n<p><strong>September 2025:<\/strong><\/p>\n<p><a href=\"https:\/\/www.orellfuessli.ch\/shop\/home\/artikeldetails\/A1075116970\" target=\"_blank\" rel=\"noopener\">Als die Schweiz ins Schwitzen kam, Die Klimaseniorinnen<\/a>, the book on the KlimaSeniorinnen case, published by <span class=\"hover:entity-accent entity-underline inline cursor-pointer align-baseline\"><span class=\"whitespace-normal\">Limmatverlag<\/span><\/span> on September 18, 2025, co-authored with <a href=\"https:\/\/www.agenturaltas.ch\/author\/huerlimann-brigitte\/\" target=\"_blank\" rel=\"noopener\"><span class=\"hover:entity-accent entity-underline inline cursor-pointer align-baseline\"><span class=\"whitespace-normal\">Brigitte H\u00fcrlimann<\/span><\/span><\/a> and <a href=\"https:\/\/www.agenturaltas.ch\/author\/1197-2\/\" target=\"_blank\" rel=\"noopener\"><span class=\"hover:entity-accent entity-underline inline cursor-pointer align-baseline\"><span class=\"whitespace-normal\">Elisabeth Stern<\/span><\/span><\/a>.<\/p>\n<p><strong>April 2025:<\/strong><\/p>\n<p>Cordelia B\u00e4hr was included in TIME\u2019s <a href=\"https:\/\/time.com\/collections\/100-most-influential-people-2025\/7273742\/cordelia-bahr\/\" target=\"_blank\" rel=\"noopener\">TIME100<\/a>\u00a0list of the most influential people of 2025. Katharine Hayhoe in the tribute: \u201cWith science, law, and relentless determination, B\u00e4hr didn\u2019t just fight for justice\u2014she redefined it.\u201d<\/p>\n<p><strong>March 2025:<\/strong><\/p>\n<p>UZH Magazine 1\/25, <a href=\"https:\/\/www.news.uzh.ch\/dam\/jcr:9830efa1-f7b4-4454-be78-81b86a9fbe26\/UZH%20Magazin%201:25_.pdf\">Profile<\/a> of Cordelia B\u00e4hr, pp. 56\u201359<\/p>\n<p><strong>December 2024:<\/strong><\/p>\n<p>Cordelia B\u00e4hr was included in the &#8220;<a href=\"https:\/\/www.nature.com\/immersive\/d41586-024-03890-5\/index.html\">Nature\u2019s 10<\/a>&#8221; list as one of ten people who helped shape science in 2024<\/p>\n<p><strong>November 2024:<\/strong><\/p>\n<p>breaking.through, <a href=\"https:\/\/www.breakingthrough.de\/portraet-cordelia-baehr\">Profile of Cordelia B\u00e4hr<\/a>, interview conducted on May 28, 2024, with Dr. Jennifer Seyderhelm<\/p>\n<p><strong>August to November 2023:<\/strong><\/p>\n<p>\u201cWill the Judges Save the Climate Now?\u201d A <a href=\"https:\/\/www.imdb.com\/de\/title\/tt28673290\/\">documentary<\/a> by <em>arte<\/em> about climate lawsuits, including that of the Climate Seniors, filmed among other places in the offices and with the involvement of B\u00e4hr Ettwein Attorneys in Bern.<\/p>\n<p><strong>June 2023:<\/strong><\/p>\n<p>Die Republik, <a href=\"https:\/\/www.republik.ch\/2023\/06\/13\/serie-zum-feministischen-streik-folge-2-ich-fordere-die-rueckkehr-der-justitia\">I Demand the Return of Lady Justice<\/a>, June 13, 2023<\/p>\n<p><strong>May 2023:<\/strong><\/p>\n<p>pl\u00e4doyer 3\/2023, <a href=\"https:\/\/ettwein.ch\/wp-content\/uploads\/14-15-PL-0323-PORTRAIT-LOW1.pdf\">Leading thinker of the Climate Seniors<\/a>, May 21, 2023<\/p>\n<p><strong>March 2023:<\/strong><\/p>\n<p><a href=\"https:\/\/www.echr.coe.int\/w\/verein-klimaseniorinnen-schweiz-and-others-v-switzerland-no-53600\/20-1\">Public hearing<\/a> before the Grand Chamber of the European Court of Human Rights in the case Verein KlimaSeniorinnen Schweiz and Others v. Switzerland (no. 53600\/20)<\/p>\n<p>ARD NANO, <a href=\"https:\/\/www.srf.ch\/play\/tv\/nano\/video\/verletzt-die-klimapolitik-eines-landes-menschenrechte?urn=urn:srf:video:b0232af9-6173-4f67-b2ec-cd0a341ea045\">Does a Country\u2019s Climate Policy Violate Human Rights<\/a>? March 30, 202<\/p>\n<p>SRF, 10 vor 10: <a href=\"https:\/\/www.srf.ch\/play\/tv\/10-vor-10\/video\/10-vor-10-vom-29-03-2023?urn=urn:srf:video:fab3d94b-b217-48dd-b319-447a4a5bd4ef\">ECtHR Hears Climate Seniors&#8217; Lawsuit<\/a>, March 29, 2023<\/p>\n<p>Ts\u00fcri, Attorney Cordelia B\u00e4hr: \u201c<a href=\"https:\/\/tsri.ch\/a\/anwaeltin-cordelia-baehr-klimaschutz-ist-ein-menschenrecht-klimaseniorinnen-greenpeace-strassburg-europaeische-gerichtshof-fuer-menschenrechte\">Climate Protection Is a Human Right<\/a>\u201d, March 17, 2023<\/p>\n<p><strong>January 2023:<\/strong><\/p>\n<p>&#8220;The legal face of the Swiss Climate Seniors. Since the end of 2020, the European Court of Human Rights has been dealing with a lawsuit brought by the Swiss Climate Seniors. The case revolves around whether Switzerland must provide better protection for its senior citizens against climate change. The legal threads of the case are being handled by Swiss attorney Cordelia B\u00e4hr. Who is the woman who has been working on this case for seven years?&#8221; \u2014 SRF Rendez-vous <a href=\"https:\/\/www.srf.ch\/audio\/rendez-vous\/das-juristische-gesicht-der-schweizer-klimaseniorinnen?partId=642933e1-96c8-46d9-a7c2-a527c1b7fd3c\">Interview<\/a>, January 6, 2023.<\/p>\n<p><strong>April 2022:<\/strong><\/p>\n<p>Federal Supreme Court <a href=\"https:\/\/www.bger.ch\/ext\/eurospider\/live\/de\/php\/aza\/http\/index.php?highlight_docid=aza%3A%2F%2Faza:\/\/01-03-2022-1C_401-2020&amp;lang=de&amp;zoom=&amp;type=show_document\">decision<\/a> concerning the water rights concession for the use of the hydropower of the F\u00e4rdabach (1C_401\/2020 of March 1, 2022):<\/p>\n<p>&#8220;In addition, due to climate change, a decline in glacier and snowmelt water is to be expected, meaning it is not guaranteed that the currently observed surpluses (i.e., flow rates above the designed flow capacity of 750 l\/s) will continue to occur in the future (throughout the entire 80-year concession period).&#8221; (Section 6.4)<\/p>\n<p><strong>September 2021:<\/strong><\/p>\n<p>Together with her colleagues and climate law experts Nina von B\u00fcren, Charlotte E. Blattner, and Andreas H\u00f6sli, Cordelia B\u00e4hr presents the knowledge gathered on Swiss and international climate law on <a href=\"https:\/\/www.klimarecht.ch\/\">klimarecht.ch<\/a>, and critically analyzes existing law.<\/p>\n<p><strong>May 2021:<\/strong><\/p>\n<p><a href=\"https:\/\/nos.nl\/nieuwsuur\/collectie\/13871\/video\/2382732-opnieuw-een-grote-klimaatzaak\">NOS TV Report<\/a> on the Climate Seniors, May 28, 2021: Another Major Climate Case?<\/p>\n<p>Lecture Series by the Competence Center for Human Rights, Event on May 11, 2021, <a href=\"https:\/\/www.menschenrechte.uzh.ch\/dam\/jcr:93855b12-3531-4395-953d-568a0303ecd9\/210511_Pr%C3%A4sentation_Veranstaltung_Recht_auf_Gesundheit_UZH_B%C3%A4hr.pdf\">Presentation<\/a> by Cordelia B\u00e4hr on the topic &#8220;Health in Times of Climate Change: Being Right and Getting Justice?&#8221;<\/p>\n<p><strong>March 2021:<\/strong><\/p>\n<p>BBC Radio 4, Law in Action,\u00a0<a href=\"https:\/\/www.bbc.co.uk\/programmes\/m000t4v8\">Can the law fight climate change<\/a>?<\/p>\n<p><strong>December 2020:<\/strong><\/p>\n<p><a href=\"https:\/\/www.moneta.ch\/beim-vollzug-fehlen-die-ressourcen\">Interview<\/a> with Cordelia B\u00e4hr in <em>Moneta<\/em>: &#8220;There Are Not Enough Resources for Enforcement\u00bb<\/p>\n<p><strong>April 2020:<\/strong><\/p>\n<p>The Federal Supreme Court is changing its case law on the protection of existing buildings in watercourse areas. Non-conforming buildings outside of designated building zones in watercourse areas may neither be expanded nor rebuilt, because doing so would reinforce the unlawful status under water law and perpetuate it beyond the lifespan of the originally approved structure (<a href=\"https:\/\/entscheide.weblaw.ch\/cache.php?link=06.04.2020_1C_22-2019&amp;sel_lang=de#lsmark_0\">BGer 1C_22\/2019, 1C_476\/2019 vom 6. April 2020<\/a>, E. 9.2).<\/p>\n<p><strong>March 2020:<\/strong><\/p>\n<p>&#8220;<a href=\"https:\/\/ettwein.ch\/wp-content\/uploads\/Rechtsprechungsbericht_Gewaesserraum_Baehr_Cordelia.pdf\">Nine Years of Watercourse Area \u2013 A Case Law Report<\/a>&#8221; by Cordelia B\u00e4hr, in: <em>UPR 2020<\/em>, pp. 1\u201350<\/p>\n<p><strong>November 2019:<\/strong><\/p>\n<p>VUR Conference on Watercourse Areas, Presentation by Cordelia B\u00e4hr: &#8220;<a href=\"https:\/\/ettwein.ch\/wp-content\/uploads\/Rechtsprechungsbericht_Gewaesserraum_Baehr_Cordelia.pdf\">Overview of Jurisprudence \u2013 Designation and Use of Watercourse Areas<\/a>&#8221;<\/p>\n<p><strong>May 2019:<\/strong><\/p>\n<p><a href=\"https:\/\/www.initiative-sauberes-trinkwasser.ch\/wp-content\/uploads\/2020\/03\/180504-Gutachten-zur-Trinkwasserinitiative_B%C3%A4hr_Grosz.pdf\">Expert Opinion<\/a> on the Drinking Water Initiative by Cordelia B\u00e4hr and Mirina Grosz<\/p>\n<p><strong>November 2018:<\/strong><\/p>\n<p><a href=\"https:\/\/www.woz.ch\/-9316\">Ein Schn\u00e4ppchen f\u00fcr Glencore<\/a>, WOZ, November 29, 2018<\/p>\n<p><a href=\"https:\/\/www.freiburger-nachrichten.ch\/kanton\/klimapolitik-vor-gericht-erstreiten\">Klimapolitik vor Gericht erstreiten<\/a>, Freiburger Nachrichten, November 21, 2018<\/p>\n<p>Autumn Conference on Climate Change and Human Rights, November 20, 2018, at the University of Freiburg, <a href=\"https:\/\/ettwein.ch\/wp-content\/uploads\/Referat-Klima-Klimaseniorinnen-Menschenrechte.pdf\">presentation<\/a> by Cordelia B\u00e4hr on the rights of senior women<\/p>\n<p><a href=\"https:\/\/www.beobachter.ch\/umwelt\/klimaschutz-seniorinnen-verklagen-die-schweiz\">Seniorinnen verklagen die Schweiz<\/a>, Beobachter, November 1, 2018<\/p>\n<p><strong>September 2018:<\/strong><\/p>\n<p>What lessons can be learned from the KlimaSeniorinnen case for future climate lawsuits? You can find the answer <a href=\"https:\/\/doi.org\/10.4337\/jhre.2018.02.04\">here<\/a>.<\/p>\n<p><strong>August 2018:<\/strong><\/p>\n<p>Publication by Cordelia B\u00e4hr on the topic of electromobility in the journal <em>Schweizer Gemeinde<\/em>: <a href=\"https:\/\/ettwein.ch\/wp-content\/uploads\/Elektromobilitaet_Parkplatz_Ladesaeule_blaue_Zone.pdf\">Who promotes charging stations on public land<\/a>?<\/p>\n<p><strong>December 2017:<\/strong><\/p>\n<p>The Federal Supreme Court upheld the appeal against the amendment to the Law on Public Schools (VG\/TG; RB 411.11) in its <a href=\"https:\/\/www.bger.ch\/ext\/eurospider\/live\/de\/php\/aza\/http\/index.php?lang=de&amp;type=show_document&amp;highlight_docid=aza:\/\/aza:\/\/07-12-2017-2C_206-2016\">ruling of December 7, 2017<\/a>, and annulled \u00a7 39 paragraphs 1 and 2 of the VG\/TG as amended on November 18, 2015.<\/p>\n<p><strong>November 2017:<\/strong><\/p>\n<p>Presentation by Cordelia B\u00e4hr: \u201cGreenhouse Gas Tax on Meat: The Next Step in Climate Protection?\u201d Held in the Environmental Law Working Group on November 14, 2017<\/p>\n<p><strong>August 2017:<\/strong><\/p>\n<p>SRF Kontext reports on various &#8220;climate lawsuits&#8221;, focusing in particular on the legal action brought by the KlimaSeniorinnen in Switzerland.<\/p>\n<p>Das Klima kommt vor die Gerichte,\u00a0<a href=\"https:\/\/m.srf.ch\/sendungen\/kontext\/das-klima-kommt-vor-die-gerichte?ns_source=mobile&amp;srg_sm_medium=wa?ns_source=mobile&amp;srg_sm_medium=wa\">SRF Kontext vom 14. August 2017<\/a><\/p>\n<p><strong>June 2017:<\/strong><\/p>\n<p><a href=\"https:\/\/www.woz.ch\/1722\/standpunkt-von-elisabeth-joris\/das-recht-auf-gesundheit-im-klimawandel\">Das Recht auf Gesundheit im Klimawandel<\/a>\u00a0by Elisabeth Joris (WOZ Nr. 22\/2017 vom 1. Juni 2017)<\/p>\n<p><strong>November 2016:<\/strong><\/p>\n<p>b\u00e4hr ettwein is one of the first law firms to offset its corporate CO\u2082 emissions with myclimate.<\/p>\n<p><strong>October 2016:<\/strong><\/p>\n<p>\u00ab<a href=\"http:\/\/www.tagesanzeiger.ch\/wissen\/natur\/expertenstreit-um-klimaklage\/story\/18992835\">Expertenstreit um\u00a0Klimaklage<\/a>:<strong>\u00a0<\/strong>Mehr als 300 Frauen im AHV-Alter wollen rechtlich gegen den Bund vorgehen \u2013 wegen dessen Klimapolitik. Diese verstosse gegen die Bundesverfassung, sagen zwei Juristinnen\u00bb (Tagesanzeiger vom 25. Oktober 2016)<\/p>\n<p>\u00ab<a href=\"http:\/\/www.watson.ch\/Schweiz\/Klima\/409065966-Was-bedeutet-die-Klimaklage-gegen-den-Bund--%E2%80%93-5-Fragen-und-Antworten\">Was bedeutet die Klimaklage gegen den Bund? \u2013 5 Fragen und Antworten<\/a>:\u00a0Die \u2039Klimaseniorinnen\u203a haben am Dienstagmorgen ihre Klage gegen den Bund eingereicht. Dieser sorge sich zu wenig um seine B\u00fcrger, weil die Klimaziele nicht hoch genug gesteckt seien. Was heisst das? Und was passiert jetzt? Die 5 wichtigsten Fragen und Antworten\u00bb (watson vom 25. Oktober 2016)<\/p>\n<p><strong>August 2016:\u00a0<\/strong><strong>Opening of the law firm b\u00e4hr ettwein \u2013 we\u2019re excited!<\/strong><\/p>\n<p>Since August 1, 2016, Cordelia B\u00e4hr and Adrian Ettwein have been available for consultations in Zurich and Bern. Feel free to contact us.<\/p>\n<p>Special thanks to the art photographer Giro Annen for providing the hand-developed images and for taking the portraits.<br \/>\nOur thanks also go to Cordelia\u2019s favorite designer, Jana Nobel, and to software engineer Mirko Stocker for their tremendous effort in creating the design and technical implementation.<\/p>\n","protected":false},"excerpt":{"rendered":"<p>April 2026: \u00abTrop Chaud \u2013 KlimaSeniorinnen vs. Switzerland,\u00bb the documentary film about the case of the \u201cKlimaSeniorinnen,\u201d until May 6, 2026 on Swiss television. September 2025: Als die Schweiz ins Schwitzen kam, Die Klimaseniorinnen, the book on the KlimaSeniorinnen case, published by Limmatverlag on September 18, 2025, co-authored with Brigitte H\u00fcrlimann and Elisabeth Stern. April [&hellip;]<\/p>\n","protected":false},"author":3,"featured_media":253,"parent":0,"menu_order":0,"comment_status":"closed","ping_status":"closed","template":"","meta":{"footnotes":""},"class_list":["post-207","page","type-page","status-publish","has-post-thumbnail","hentry"],"_links":{"self":[{"href":"https:\/\/ettwein.ch\/en\/wp-json\/wp\/v2\/pages\/207","targetHints":{"allow":["GET"]}}],"collection":[{"href":"https:\/\/ettwein.ch\/en\/wp-json\/wp\/v2\/pages"}],"about":[{"href":"https:\/\/ettwein.ch\/en\/wp-json\/wp\/v2\/types\/page"}],"author":[{"embeddable":true,"href":"https:\/\/ettwein.ch\/en\/wp-json\/wp\/v2\/users\/3"}],"replies":[{"embeddable":true,"href":"https:\/\/ettwein.ch\/en\/wp-json\/wp\/v2\/comments?post=207"}],"version-history":[{"count":9,"href":"https:\/\/ettwein.ch\/en\/wp-json\/wp\/v2\/pages\/207\/revisions"}],"predecessor-version":[{"id":797,"href":"https:\/\/ettwein.ch\/en\/wp-json\/wp\/v2\/pages\/207\/revisions\/797"}],"wp:featuredmedia":[{"embeddable":true,"href":"https:\/\/ettwein.ch\/en\/wp-json\/wp\/v2\/media\/253"}],"wp:attachment":[{"href":"https:\/\/ettwein.ch\/en\/wp-json\/wp\/v2\/media?parent=207"}],"curies":[{"name":"wp","href":"https:\/\/api.w.org\/{rel}","templated":true}]}}