{"id":189,"date":"2016-07-21T09:27:00","date_gmt":"2016-07-21T07:27:00","guid":{"rendered":"https:\/\/ettwein.ch\/en\/?page_id=189"},"modified":"2016-07-21T09:35:46","modified_gmt":"2016-07-21T07:35:46","slug":"homepage","status":"publish","type":"page","link":"https:\/\/ettwein.ch\/en\/homepage\/","title":{"rendered":"Homepage"},"content":{"rendered":"<p>Diese Seite nicht l\u00f6schen, sie wird zwar auf der Webseite nicht angezeigt, aber f\u00fcrs Menu ben\u00f6tigt.<\/p>\n","protected":false},"excerpt":{"rendered":"<p>Diese Seite nicht l\u00f6schen, sie wird zwar auf der Webseite nicht angezeigt, aber f\u00fcrs Menu ben\u00f6tigt.<\/p>\n","protected":false},"author":3,"featured_media":0,"parent":0,"menu_order":0,"comment_status":"open","ping_status":"open","template":"page-home.php","meta":{"footnotes":""},"class_list":["post-189","page","type-page","status-publish","hentry"],"_links":{"self":[{"href":"https:\/\/ettwein.ch\/en\/wp-json\/wp\/v2\/pages\/189","targetHints":{"allow":["GET"]}}],"collection":[{"href":"https:\/\/ettwein.ch\/en\/wp-json\/wp\/v2\/pages"}],"about":[{"href":"https:\/\/ettwein.ch\/en\/wp-json\/wp\/v2\/types\/page"}],"author":[{"embeddable":true,"href":"https:\/\/ettwein.ch\/en\/wp-json\/wp\/v2\/users\/3"}],"replies":[{"embeddable":true,"href":"https:\/\/ettwein.ch\/en\/wp-json\/wp\/v2\/comments?post=189"}],"version-history":[{"count":2,"href":"https:\/\/ettwein.ch\/en\/wp-json\/wp\/v2\/pages\/189\/revisions"}],"predecessor-version":[{"id":193,"href":"https:\/\/ettwein.ch\/en\/wp-json\/wp\/v2\/pages\/189\/revisions\/193"}],"wp:attachment":[{"href":"https:\/\/ettwein.ch\/en\/wp-json\/wp\/v2\/media?parent=189"}],"curies":[{"name":"wp","href":"https:\/\/api.w.org\/{rel}","templated":true}]}}